{"id":21,"date":"2021-05-05T08:39:07","date_gmt":"2021-05-05T08:39:07","guid":{"rendered":"http:\/\/comunadochia.ro\/?page_id=21"},"modified":"2021-05-05T08:39:07","modified_gmt":"2021-05-05T08:39:07","slug":"evolutie-istorica","status":"publish","type":"page","link":"https:\/\/comunadochia.ro\/?page_id=21","title":{"rendered":"Evolutie istorica"},"content":{"rendered":"<p>S<span lang=\"ro\">\u0103<\/span>p\u0103turile arheologice au condus la descoperirea a numeroase dovezi c\u0103 aceast\u0103 zona a fost locuit\u0103 din vremuri str\u0103vechi: pot fi delimitate urme de tip Cucuteni (\u201cDealul C\u0103limani\u201d, \u201cdealul Staniste\u201d), epoca fierului (\u201cCet\u0103\u0163uia \u2013 Saratica\u201d), epoca bronzului (\u201cla Perdele\u201d), secolele II-III d.H.(\u201cla Perdele\u201d, \u201cfundul Dochiei\u201d, p\u00e2r\u00e2ul Popii). Pe teritoriul comunei se afl\u0103 un pinten de deal numit Movila Ica\u015fului care f\u0103cea parte din sistemul de comunicare medieval\u0103 asupra pericolelor care amenin\u0163au Moldova.<\/p>\n<p>Prima atestare documentar\u0103 apare \u00een 1864 c\u00e2nd s-a \u00eenfiin\u0163at comuna Bahna \u015fi a inclus satele Dochia \u015fi B\u0103lu\u015festi. \u00cen anul 1880 s-a \u00eenfiin\u0163at comuna Dochia care a fost apoi inclus\u0103 \u00een comuna Girov la reforma administrativ\u0103 din 1968. \u00cen anul 2003, prin legea 261 s-a reconstituit comuna Dochia pe actualul amplasament. \u00cen prezent comuna face eforturi de accelerare a dezvolt\u0103rii locale odat\u0103 cu reconstituirea institu\u0163ional\u0103.<\/p>\n","protected":false},"excerpt":{"rendered":"<p>S\u0103p\u0103turile arheologice au condus la descoperirea a numeroase dovezi c\u0103 aceast\u0103 zona a fost locuit\u0103 din vremuri str\u0103vechi: pot fi delimitate urme de tip Cucuteni (\u201cDealul C\u0103limani\u201d, \u201cdealul Staniste\u201d), epoca fierului (\u201cCet\u0103\u0163uia \u2013 Saratica\u201d), epoca bronzului (\u201cla Perdele\u201d), secolele II-III d.H.(\u201cla Perdele\u201d, \u201cfundul Dochiei\u201d, p\u00e2r\u00e2ul Popii). Pe teritoriul comunei se afl\u0103 un pinten de deal &hellip; <\/p>\n","protected":false},"author":1,"featured_media":0,"parent":8,"menu_order":3,"comment_status":"closed","ping_status":"closed","template":"","meta":{"footnotes":""},"class_list":["post-21","page","type-page","status-publish","hentry","grid-sizer"],"_links":{"self":[{"href":"https:\/\/comunadochia.ro\/index.php?rest_route=\/wp\/v2\/pages\/21","targetHints":{"allow":["GET"]}}],"collection":[{"href":"https:\/\/comunadochia.ro\/index.php?rest_route=\/wp\/v2\/pages"}],"about":[{"href":"https:\/\/comunadochia.ro\/index.php?rest_route=\/wp\/v2\/types\/page"}],"author":[{"embeddable":true,"href":"https:\/\/comunadochia.ro\/index.php?rest_route=\/wp\/v2\/users\/1"}],"replies":[{"embeddable":true,"href":"https:\/\/comunadochia.ro\/index.php?rest_route=%2Fwp%2Fv2%2Fcomments&post=21"}],"version-history":[{"count":1,"href":"https:\/\/comunadochia.ro\/index.php?rest_route=\/wp\/v2\/pages\/21\/revisions"}],"predecessor-version":[{"id":22,"href":"https:\/\/comunadochia.ro\/index.php?rest_route=\/wp\/v2\/pages\/21\/revisions\/22"}],"up":[{"embeddable":true,"href":"https:\/\/comunadochia.ro\/index.php?rest_route=\/wp\/v2\/pages\/8"}],"wp:attachment":[{"href":"https:\/\/comunadochia.ro\/index.php?rest_route=%2Fwp%2Fv2%2Fmedia&parent=21"}],"curies":[{"name":"wp","href":"https:\/\/api.w.org\/{rel}","templated":true}]}}