{"id":178,"date":"2021-05-12T08:18:10","date_gmt":"2021-05-12T08:18:10","guid":{"rendered":"http:\/\/comunadochia.ro\/?page_id=178"},"modified":"2021-05-12T08:18:10","modified_gmt":"2021-05-12T08:18:10","slug":"camin-cultural","status":"publish","type":"page","link":"https:\/\/comunadochia.ro\/?page_id=178","title":{"rendered":"Camin Cultural"},"content":{"rendered":"<div class=\"row-fluid\">\n<div class=\"span12\">A fost construit \u00een anul 1950 prin contribu\u0163ia oamenilor satului. C\u0103minul Cultural g\u0103zduie\u015fte activit\u0103\u0163i ob\u015fte\u0163ti, culturale \u015fi recreative.<\/div>\n<\/div>\n<div class=\"row-fluid\"><\/div>\n","protected":false},"excerpt":{"rendered":"<p>A fost construit \u00een anul 1950 prin contribu\u0163ia oamenilor satului. C\u0103minul Cultural g\u0103zduie\u015fte activit\u0103\u0163i ob\u015fte\u0163ti, culturale \u015fi recreative.<\/p>\n","protected":false},"author":1,"featured_media":0,"parent":162,"menu_order":5,"comment_status":"closed","ping_status":"closed","template":"","meta":{"footnotes":""},"class_list":["post-178","page","type-page","status-publish","hentry","grid-sizer"],"_links":{"self":[{"href":"https:\/\/comunadochia.ro\/index.php?rest_route=\/wp\/v2\/pages\/178","targetHints":{"allow":["GET"]}}],"collection":[{"href":"https:\/\/comunadochia.ro\/index.php?rest_route=\/wp\/v2\/pages"}],"about":[{"href":"https:\/\/comunadochia.ro\/index.php?rest_route=\/wp\/v2\/types\/page"}],"author":[{"embeddable":true,"href":"https:\/\/comunadochia.ro\/index.php?rest_route=\/wp\/v2\/users\/1"}],"replies":[{"embeddable":true,"href":"https:\/\/comunadochia.ro\/index.php?rest_route=%2Fwp%2Fv2%2Fcomments&post=178"}],"version-history":[{"count":1,"href":"https:\/\/comunadochia.ro\/index.php?rest_route=\/wp\/v2\/pages\/178\/revisions"}],"predecessor-version":[{"id":179,"href":"https:\/\/comunadochia.ro\/index.php?rest_route=\/wp\/v2\/pages\/178\/revisions\/179"}],"up":[{"embeddable":true,"href":"https:\/\/comunadochia.ro\/index.php?rest_route=\/wp\/v2\/pages\/162"}],"wp:attachment":[{"href":"https:\/\/comunadochia.ro\/index.php?rest_route=%2Fwp%2Fv2%2Fmedia&parent=178"}],"curies":[{"name":"wp","href":"https:\/\/api.w.org\/{rel}","templated":true}]}}