{"id":128,"date":"2021-05-11T12:01:00","date_gmt":"2021-05-11T12:01:00","guid":{"rendered":"http:\/\/comunadochia.ro\/?page_id=128"},"modified":"2021-05-11T12:01:09","modified_gmt":"2021-05-11T12:01:09","slug":"plati-restante","status":"publish","type":"page","link":"https:\/\/comunadochia.ro\/?page_id=128","title":{"rendered":"Pl\u0103\u021bi restante"},"content":{"rendered":"<p><a href=\"http:\/\/comunadochia.ro\/images\/2018\/plati_restante\/Sinteza_pl%C4%83%C5%A3ilor_restante_%C5%9Fi_arieratelor_la_data_de_31.10.2018.pdf\">Sinteza pl\u0103\u0163ilor restante \u015fi arieratelor la data de 31.10.2018<\/a><\/p>\n<p><a href=\"http:\/\/comunadochia.ro\/images\/2018\/plati_restante\/PLATI_RESTANTE_31.10.2018_30B.pdf\">PLATI RESTANTE 31.10.2018 30B<\/a><\/p>\n<p><a href=\"http:\/\/comunadochia.ro\/images\/2018\/plati_restante\/PLATI_RESTANTE_31.10.2018_30B1.pdf\">PLATI RESTANTE 31.10.2018 30B1<\/a><\/p>\n<p><a href=\"http:\/\/comunadochia.ro\/images\/2018\/plati_restante\/PLATI_RESTANTE_30.09.2018_I.pdf\">Pla\u021bi restante la 30.09.2018<\/a><\/p>\n<p><a href=\"http:\/\/comunadochia.ro\/images\/2018\/plati_restante\/PLATI_RESTANTE_30.09.2018_II.pdf\">Sinteza pl\u0103\u0163ilor restante \u015fi arieratelor la data de 30.09.2018<\/a><\/p>\n<p><a href=\"http:\/\/comunadochia.ro\/images\/2018\/plati_restante\/plati_rest_30b_aug_2018.pdf\">Pl\u0103\u021bi restante la 31.08.2018<\/a><\/p>\n<p><a href=\"http:\/\/comunadochia.ro\/images\/2018\/plati_restante\/30b_I_aug_2018.pdf\">Sinteza pl\u0103\u0163ilor restante \u015fi arieratelor la data de 31.08.2018<\/a><\/p>\n<p><a href=\"http:\/\/comunadochia.ro\/images\/2018\/plati_restante\/Plati_restante_3107.2018.pdf\">Pl\u0103\u021bi restante la 31.07.2018<\/a><\/p>\n<p><a href=\"http:\/\/comunadochia.ro\/images\/2018\/Plati_restante_30.06.2018.pdf\">Pl\u0103\u021bi restante la 30.06.2018<\/a><\/p>\n<p><a href=\"http:\/\/comunadochia.ro\/images\/2018\/informatii_publice\/Plati_restante_-_30.06.2018.pdf\">Pl\u0103\u021bi restante la 30.06.2018<\/a><\/p>\n<p><a href=\"http:\/\/comunadochia.ro\/images\/2018\/plati_restante\/Plati_restante_la_31.05.2018.pdf\">Pl\u0103\u021bi restante la 31.05.2018<\/a><\/p>\n<p><a href=\"http:\/\/comunadochia.ro\/images\/2018\/informatii_publice\/plati_rest_30.04.2018.pdf\">PL\u0102\u021aI RESTANTE la 30.04.2018<\/a>\u00a0\u00a0<a href=\"http:\/\/comunadochia.ro\/images\/2018\/informatii_publice\/plati_rest_p2_30.04.2018.pdf\">\u00a0<\/a><\/p>\n<p><a href=\"http:\/\/comunadochia.ro\/images\/2018\/informatii_publice\/plati_rest_p2_30.04.2018.pdf\">PL\u0102\u021aI RESTANTE la 30.04.2018\u00a0p2<\/a><\/p>\n<p><a href=\"http:\/\/comunadochia.ro\/images\/2018\/informatii_publice\/PLATI_RESTANTE_31.03.2018.pdf\">PLATI RESTANTE la 31.03.2018<\/a><\/p>\n<p><a href=\"http:\/\/comunadochia.ro\/images\/2018\/informatii_publice\/PLATI_RESTANTE_31.01.2018.pdf\">PLATI RESTANTE la 31.01.2018<\/a><\/p>\n<p><a href=\"http:\/\/comunadochia.ro\/images\/2018\/informatii_publice\/PLATI_RESTANTE_31.12.2017.pdf\">PLATI RESTANTE la 31.12.2017<\/a><\/p>\n<p><a href=\"http:\/\/comunadochia.ro\/images\/2018\/informatii_publice\/PLATI_RESTANTE_28.02.2017.pdf\">PLATI RESTANTE la 28.02.2017<\/a><\/p>\n","protected":false},"excerpt":{"rendered":"<p>Sinteza pl\u0103\u0163ilor restante \u015fi arieratelor la data de 31.10.2018 PLATI RESTANTE 31.10.2018 30B PLATI RESTANTE 31.10.2018 30B1 Pla\u021bi restante la 30.09.2018 Sinteza pl\u0103\u0163ilor restante \u015fi arieratelor la data de 30.09.2018 Pl\u0103\u021bi restante la 31.08.2018 Sinteza pl\u0103\u0163ilor restante \u015fi arieratelor la data de 31.08.2018 Pl\u0103\u021bi restante la 31.07.2018 Pl\u0103\u021bi restante la 30.06.2018 Pl\u0103\u021bi restante la 30.06.2018 &hellip; <\/p>\n","protected":false},"author":1,"featured_media":0,"parent":113,"menu_order":6,"comment_status":"closed","ping_status":"closed","template":"","meta":{"footnotes":""},"class_list":["post-128","page","type-page","status-publish","hentry","grid-sizer"],"_links":{"self":[{"href":"https:\/\/comunadochia.ro\/index.php?rest_route=\/wp\/v2\/pages\/128","targetHints":{"allow":["GET"]}}],"collection":[{"href":"https:\/\/comunadochia.ro\/index.php?rest_route=\/wp\/v2\/pages"}],"about":[{"href":"https:\/\/comunadochia.ro\/index.php?rest_route=\/wp\/v2\/types\/page"}],"author":[{"embeddable":true,"href":"https:\/\/comunadochia.ro\/index.php?rest_route=\/wp\/v2\/users\/1"}],"replies":[{"embeddable":true,"href":"https:\/\/comunadochia.ro\/index.php?rest_route=%2Fwp%2Fv2%2Fcomments&post=128"}],"version-history":[{"count":1,"href":"https:\/\/comunadochia.ro\/index.php?rest_route=\/wp\/v2\/pages\/128\/revisions"}],"predecessor-version":[{"id":129,"href":"https:\/\/comunadochia.ro\/index.php?rest_route=\/wp\/v2\/pages\/128\/revisions\/129"}],"up":[{"embeddable":true,"href":"https:\/\/comunadochia.ro\/index.php?rest_route=\/wp\/v2\/pages\/113"}],"wp:attachment":[{"href":"https:\/\/comunadochia.ro\/index.php?rest_route=%2Fwp%2Fv2%2Fmedia&parent=128"}],"curies":[{"name":"wp","href":"https:\/\/api.w.org\/{rel}","templated":true}]}}