{"id":10,"date":"2021-05-05T06:41:04","date_gmt":"2021-05-05T06:41:04","guid":{"rendered":"http:\/\/comunadochia.ro\/?page_id=10"},"modified":"2021-05-05T08:36:46","modified_gmt":"2021-05-05T08:36:46","slug":"asezare-geografica","status":"publish","type":"page","link":"https:\/\/comunadochia.ro\/?page_id=10","title":{"rendered":"Asezare geografica"},"content":{"rendered":"<p><iframe loading=\"lazy\" style=\"border: 0;\" src=\"https:\/\/www.google.com\/maps\/embed?pb=!1m14!1m8!1m3!1d43611.82414173872!2d26.552867!3d46.907851!3m2!1i1024!2i768!4f13.1!3m3!1m2!1s0x40caabced96a4d1d%3A0xb94c5985fb591dfe!2sDochia!5e0!3m2!1sen!2sro!4v1620197170669!5m2!1sen!2sro\" width=\"600\" height=\"450\" allowfullscreen=\"allowfullscreen\"><\/iframe><\/p>\n<div>\n<p>Comuna Dochia, cu o suprafata de 3.120, 87 ha, este situat\u0103 \u00een zona central\u0103 a jude\u0163ului Neam\u0163, la limita vestic\u0103 a dealurilor Moldovei. Comuna se \u00eentinde pe cursul inferior al r\u00e2ului Crac\u0103u cu care se m\u0103rgine\u015fte la vest \u015fi poate constitui un factor decisiv de atractivitate economic\u0103 \u00een contextul aplic\u0103rii conceptului de dezvoltare durabil\u0103.<\/p>\n<\/div>\n<div>\n<p>Limite geografice:<\/p>\n<ul type=\"circle\">\n<li>la\u00a0nord comuna \u015etefan cel Mare cu limita prin DN 15B (Piatra Neam\u0163 \u2013 Roman) (2100m) \u015fi comuna B\u00e2rg\u0103oani \u00eentre tarlalele V\u0103leni \u015fi Gr\u0103diste (5.183m);<\/li>\n<li>la est comunele M\u0103rgineni pe delimitare terestr\u0103 pe dealul Itrinesti, dealul B\u0103lu\u015festi \u015fi dealul M\u0103rgineni (5.018m):<\/li>\n<li>la sud ora\u015ful Roznov (satul Slobozia) delimitare terestr\u0103 pe dealul Troi\u0163a, tarlaua \u201cla Perdelele\u201d \u015fi Groapa Lupului (6.057m):<\/li>\n<li>la vest comuna S\u0103vine\u015fti delimitare natural\u0103 prin albia r\u00e2ului Crac\u0103u, tarlaua C\u0103limani si comuna Girov.<\/li>\n<\/ul>\n<p><strong>Pozi\u0163ia geografic\u0103 a comunei Dochia favorizeaza comunicarea \u00een direc\u0163iile:<\/strong><\/p>\n<ul type=\"circle\">\n<li>la vest DJ 157H(neasfaltat) spre comuna Girov, 10 km, de unde drumul se poate continua spre Piatra Neam\u0163\u00a0 (DN 15B, 12 km), Roman ( DN 15B, 35 km ), Hanul Ancu\u0163ei ( DJ 208G, 23 km):<\/li>\n<li>la est DJ 157H (neasfaltat) 8 km p\u00e2n\u0103 la Itrinesti;<\/li>\n<li>la sud pe drumul comunal 109 (2 km) se ajunge la DJ 157 spre Piatra Neam\u0163\u00a0 (12 km) \u015fi spre Roman (35 km) prin Margineni.<\/li>\n<\/ul>\n<\/div>\n","protected":false},"excerpt":{"rendered":"<p>Comuna Dochia, cu o suprafata de 3.120, 87 ha, este situat\u0103 \u00een zona central\u0103 a jude\u0163ului Neam\u0163, la limita vestic\u0103 a dealurilor Moldovei. Comuna se \u00eentinde pe cursul inferior al r\u00e2ului Crac\u0103u cu care se m\u0103rgine\u015fte la vest \u015fi poate constitui un factor decisiv de atractivitate economic\u0103 \u00een contextul aplic\u0103rii conceptului de dezvoltare durabil\u0103. Limite &hellip; <\/p>\n","protected":false},"author":1,"featured_media":0,"parent":8,"menu_order":1,"comment_status":"closed","ping_status":"closed","template":"","meta":{"footnotes":""},"class_list":["post-10","page","type-page","status-publish","hentry","grid-sizer"],"_links":{"self":[{"href":"https:\/\/comunadochia.ro\/index.php?rest_route=\/wp\/v2\/pages\/10","targetHints":{"allow":["GET"]}}],"collection":[{"href":"https:\/\/comunadochia.ro\/index.php?rest_route=\/wp\/v2\/pages"}],"about":[{"href":"https:\/\/comunadochia.ro\/index.php?rest_route=\/wp\/v2\/types\/page"}],"author":[{"embeddable":true,"href":"https:\/\/comunadochia.ro\/index.php?rest_route=\/wp\/v2\/users\/1"}],"replies":[{"embeddable":true,"href":"https:\/\/comunadochia.ro\/index.php?rest_route=%2Fwp%2Fv2%2Fcomments&post=10"}],"version-history":[{"count":6,"href":"https:\/\/comunadochia.ro\/index.php?rest_route=\/wp\/v2\/pages\/10\/revisions"}],"predecessor-version":[{"id":16,"href":"https:\/\/comunadochia.ro\/index.php?rest_route=\/wp\/v2\/pages\/10\/revisions\/16"}],"up":[{"embeddable":true,"href":"https:\/\/comunadochia.ro\/index.php?rest_route=\/wp\/v2\/pages\/8"}],"wp:attachment":[{"href":"https:\/\/comunadochia.ro\/index.php?rest_route=%2Fwp%2Fv2%2Fmedia&parent=10"}],"curies":[{"name":"wp","href":"https:\/\/api.w.org\/{rel}","templated":true}]}}