{"id":23,"date":"2021-05-05T08:59:36","date_gmt":"2021-05-05T08:59:36","guid":{"rendered":"http:\/\/comunadochia.ro\/?page_id=23"},"modified":"2021-05-05T08:59:36","modified_gmt":"2021-05-05T08:59:36","slug":"personalitati","status":"publish","type":"page","link":"http:\/\/comunadochia.ro\/?page_id=23","title":{"rendered":"Personalitati"},"content":{"rendered":"<p><strong>Personalit\u0103\u0163i a c\u0103ror nume este legat de localitate<\/strong><\/p>\n<ul type=\"circle\">\n<li>Teodor (Coresi)\u00a0Ciurdea \u2013 bariton la Opera din Viena, cet\u0103\u0163ean de onoare al orasului Viena \u015fi cet\u0103\u0163ean de onoare al comunei Dochia<\/li>\n<li>Viorica\u00a0Ionica, sportiv de performan\u0163\u0103<\/li>\n<li>Petru\u00a0Minut, profesor univ<\/li>\n<li>Vasile\u00a0Iliuta, general<\/li>\n<li>Gheorghe\u00a0Iliuta, general<\/li>\n<li>Gheorghe\u00a0Pitaru, director al \u015ecolii de ofi\u0163eri<\/li>\n<li>Alexandru\u00a0Mancas, general aviator<\/li>\n<li>Constantin\u00a0Airinei, inginer, director in Ministerul Agriculturii<\/li>\n<li>Nicolae\u00a0Ciobanu, scriitor<\/li>\n<li>Ioan\u00a0Scurtu, prof. univ. (istorie)<\/li>\n<li>Mariana\u00a0Popovici, actri\u0163\u0103<\/li>\n<li>Neculai\u00a0Mazarini, general<\/li>\n<li>Ioan Aurel\u00a0Popovici, istoric<\/li>\n<li>Neculai\u00a0Adascalitei, \u00eenv\u0103\u0163\u0103tor<\/li>\n<li>Gheorghe\u00a0Adascalitei, \u00eenv\u0103\u0163\u0103tor<\/li>\n<\/ul>\n","protected":false},"excerpt":{"rendered":"<p>Personalit\u0103\u0163i a c\u0103ror nume este legat de localitate Teodor (Coresi)\u00a0Ciurdea \u2013 bariton la Opera din Viena, cet\u0103\u0163ean de onoare al orasului Viena \u015fi cet\u0103\u0163ean de onoare al comunei Dochia Viorica\u00a0Ionica, sportiv de performan\u0163\u0103 Petru\u00a0Minut, profesor univ Vasile\u00a0Iliuta, general Gheorghe\u00a0Iliuta, general Gheorghe\u00a0Pitaru, director al \u015ecolii de ofi\u0163eri Alexandru\u00a0Mancas, general aviator Constantin\u00a0Airinei, inginer, director in Ministerul Agriculturii &hellip; <\/p>\n","protected":false},"author":1,"featured_media":0,"parent":8,"menu_order":6,"comment_status":"closed","ping_status":"closed","template":"","meta":{"footnotes":""},"class_list":["post-23","page","type-page","status-publish","hentry","grid-sizer"],"_links":{"self":[{"href":"http:\/\/comunadochia.ro\/index.php?rest_route=\/wp\/v2\/pages\/23","targetHints":{"allow":["GET"]}}],"collection":[{"href":"http:\/\/comunadochia.ro\/index.php?rest_route=\/wp\/v2\/pages"}],"about":[{"href":"http:\/\/comunadochia.ro\/index.php?rest_route=\/wp\/v2\/types\/page"}],"author":[{"embeddable":true,"href":"http:\/\/comunadochia.ro\/index.php?rest_route=\/wp\/v2\/users\/1"}],"replies":[{"embeddable":true,"href":"http:\/\/comunadochia.ro\/index.php?rest_route=%2Fwp%2Fv2%2Fcomments&post=23"}],"version-history":[{"count":1,"href":"http:\/\/comunadochia.ro\/index.php?rest_route=\/wp\/v2\/pages\/23\/revisions"}],"predecessor-version":[{"id":24,"href":"http:\/\/comunadochia.ro\/index.php?rest_route=\/wp\/v2\/pages\/23\/revisions\/24"}],"up":[{"embeddable":true,"href":"http:\/\/comunadochia.ro\/index.php?rest_route=\/wp\/v2\/pages\/8"}],"wp:attachment":[{"href":"http:\/\/comunadochia.ro\/index.php?rest_route=%2Fwp%2Fv2%2Fmedia&parent=23"}],"curies":[{"name":"wp","href":"https:\/\/api.w.org\/{rel}","templated":true}]}}