{"id":180,"date":"2021-05-12T08:25:35","date_gmt":"2021-05-12T08:25:35","guid":{"rendered":"http:\/\/comunadochia.ro\/?page_id=180"},"modified":"2021-05-12T08:25:35","modified_gmt":"2021-05-12T08:25:35","slug":"situatii-de-urgenta","status":"publish","type":"page","link":"http:\/\/comunadochia.ro\/?page_id=180","title":{"rendered":"Situatii de urgenta"},"content":{"rendered":"<h6 style=\"font-weight: 400;\">Materiale informative &#8211; PESTA PORCINA AFRICANA<\/h6>\n<h6 style=\"font-weight: 400; text-align: center;\">\u00a0 \u00a0 \u00a0\u00a0<a href=\"http:\/\/comunadochia.ro\/images\/2018\/material_informativ-PESTA_PORCINA_AFRICANA.pdf\">Material informativ<\/a><\/h6>\n<h6 style=\"font-weight: 400; text-align: center;\"><a href=\"http:\/\/comunadochia.ro\/images\/2018\/M.A.I._DEPARTAMENTUL_PENTRU_SITUATII_DE_URGENTA_2.pdf\">M.A.I._DEPARTAMENTUL PENTRU SITUATII DE URGENTA\u00a0<\/a><\/h6>\n<h6 style=\"font-weight: 400; text-align: center;\"><a href=\"http:\/\/comunadochia.ro\/images\/2018\/M.A.I._DEPARTAMENTUL_PENTRU_SITUATII_DE_URGENTA_2.pdf\">M.A.I_Departamentul pentru Situa\u021bii de Urgen\u021b\u0103<\/a><\/h6>\n<h6 style=\"text-align: center;\">INFORMA\u0162II\/ CONSULTAN\u0162\u0102\u00a0 PRIVIND<\/h6>\n<h6 style=\"font-weight: 400; text-align: center;\">\u00a0 PESTA PORCIN\u0102 AFRICAN\u0102<\/h6>\n<h6 style=\"font-weight: 400; text-align: center;\"><b><strong>Pre\u015fedinte: Lucian DUMITRU MADR<\/strong><\/b><\/h6>\n<h6 style=\"font-weight: 400; text-align: center;\"><b><strong>e-mail:\u00a0\u00a0<\/strong><\/b><b><strong><a href=\"mailto:comitet.pesta@madr.ro\">comitet.pesta@madr.ro<\/a><\/strong><\/b><b><strong>;\u00a0<\/strong><\/b><b><strong><a href=\"mailto:lucian.dumitru@madr.ro\">lucian.dumitru@madr.ro<\/a><\/strong><\/b><b><strong>;\u00a0<\/strong><\/b><b><strong><a href=\"mailto:andrei.oncescu@madr.ro\">andrei.oncescu@madr.ro<\/a><\/strong><\/b><b><strong><br \/>\nTel.: 0723.329.537; 0766.524.898<\/strong><\/b><\/h6>\n<h6 style=\"font-weight: 400; text-align: center;\"><b><strong>Vicepre\u0219edinte: Stelu\u021ba NI\u021aULESCU MADR &#8211; 0785.298.065; 0728.047.521<\/strong><\/b><\/h6>\n<h6 style=\"text-align: center;\"><b><strong>Membri:<\/strong><\/b><\/h6>\n<h6 style=\"font-weight: 400; text-align: left;\"><b><strong>CONSILIERI EXPERTI MADR:<br \/>\n1. Adrian VASILE MADR DGPA-Direc\u021bia de Zootehnie\u00a0 E-mail:\u00a0<\/strong><\/b><b><strong><a href=\"mailto:adrian.vasile@madr.ro\">adrian.vasile@madr.ro<\/a>, Tel<\/strong><\/b><b><strong>.: 0727.878.777<\/strong><\/b><\/h6>\n<h6 style=\"text-align: left;\">2. Nicolae CRISTEA MADR DGPA- E-mail:\u00a0<a href=\"mailto:nicolae.cristea@madr.ro\">nicolae.cristea@madr.ro<\/a><b><strong>,\u00a0Tel : 0723.711.246<br \/>\n<\/strong><\/b><\/h6>\n<h6 style=\"text-align: left;\"><b><strong>3. Gabriel MALO\u015e MADR Centrul Operativ pentru \u00a0<\/strong><\/b><b><strong>Situa\u0163ii de Urgen\u0163\u0103\u00a0 E-mail:\u00a0<\/strong><\/b><b><strong><a href=\"mailto:centru.operativ@madr.ro\">centru.operativ@madr.ro<\/a><\/strong><\/b><b><strong><br \/>\nTel.: 0765.514.075<\/strong><\/b><\/h6>\n<h6 style=\"font-weight: 400; text-align: center;\">\u00a0<a href=\"http:\/\/comunadochia.ro\/images\/situatii%20urgenta\/PRINCIPALELE%20MASURI.pdf\">Principalele m\u0103suri corespunz\u0103toare de evitare a manifest\u0103rilor riscurilor \u0219i limitarea consecin\u021belor acestora<\/a><\/h6>\n<h6 style=\"font-weight: 400; text-align: center;\"><a href=\"http:\/\/comunadochia.ro\/images\/situatii%20urgenta\/REGULI%20DE%20COMPORTARE%20SI%20MASURI%20DE%20PROTECTIE%20IN%20CAZ%20DE%20DEZASTRE.pdf\">Reguli de comportare \u0219i m\u0103suri de protec\u021bie \u00een caz de dezastre<\/a><\/h6>\n<h6 style=\"font-weight: 400; text-align: center;\"><a href=\"http:\/\/comunadochia.ro\/images\/situatii%20urgenta\/PLAN%20%20PREGATIRE%20SIT%20URGENTA%202012.pdf\">Plan preg\u0103tire situa\u021bii de urgen\u021b\u0103\u00a0<\/a><\/h6>\n","protected":false},"excerpt":{"rendered":"<p>Materiale informative &#8211; PESTA PORCINA AFRICANA \u00a0 \u00a0 \u00a0\u00a0Material informativ M.A.I._DEPARTAMENTUL PENTRU SITUATII DE URGENTA\u00a0 M.A.I_Departamentul pentru Situa\u021bii de Urgen\u021b\u0103 INFORMA\u0162II\/ CONSULTAN\u0162\u0102\u00a0 PRIVIND \u00a0 PESTA PORCIN\u0102 AFRICAN\u0102 Pre\u015fedinte: Lucian DUMITRU MADR e-mail:\u00a0\u00a0comitet.pesta@madr.ro;\u00a0lucian.dumitru@madr.ro;\u00a0andrei.oncescu@madr.ro Tel.: 0723.329.537; 0766.524.898 Vicepre\u0219edinte: Stelu\u021ba NI\u021aULESCU MADR &#8211; 0785.298.065; 0728.047.521 Membri: CONSILIERI EXPERTI MADR: 1. Adrian VASILE MADR DGPA-Direc\u021bia de Zootehnie\u00a0 E-mail:\u00a0adrian.vasile@madr.ro, Tel.: &hellip; <\/p>\n","protected":false},"author":1,"featured_media":0,"parent":0,"menu_order":8,"comment_status":"closed","ping_status":"closed","template":"","meta":{"footnotes":""},"class_list":["post-180","page","type-page","status-publish","hentry","grid-sizer"],"_links":{"self":[{"href":"http:\/\/comunadochia.ro\/index.php?rest_route=\/wp\/v2\/pages\/180","targetHints":{"allow":["GET"]}}],"collection":[{"href":"http:\/\/comunadochia.ro\/index.php?rest_route=\/wp\/v2\/pages"}],"about":[{"href":"http:\/\/comunadochia.ro\/index.php?rest_route=\/wp\/v2\/types\/page"}],"author":[{"embeddable":true,"href":"http:\/\/comunadochia.ro\/index.php?rest_route=\/wp\/v2\/users\/1"}],"replies":[{"embeddable":true,"href":"http:\/\/comunadochia.ro\/index.php?rest_route=%2Fwp%2Fv2%2Fcomments&post=180"}],"version-history":[{"count":1,"href":"http:\/\/comunadochia.ro\/index.php?rest_route=\/wp\/v2\/pages\/180\/revisions"}],"predecessor-version":[{"id":182,"href":"http:\/\/comunadochia.ro\/index.php?rest_route=\/wp\/v2\/pages\/180\/revisions\/182"}],"wp:attachment":[{"href":"http:\/\/comunadochia.ro\/index.php?rest_route=%2Fwp%2Fv2%2Fmedia&parent=180"}],"curies":[{"name":"wp","href":"https:\/\/api.w.org\/{rel}","templated":true}]}}