{"id":175,"date":"2021-05-12T08:10:14","date_gmt":"2021-05-12T08:10:14","guid":{"rendered":"http:\/\/comunadochia.ro\/?page_id=175"},"modified":"2021-05-12T08:10:14","modified_gmt":"2021-05-12T08:10:14","slug":"post-de-politie","status":"publish","type":"page","link":"http:\/\/comunadochia.ro\/?page_id=175","title":{"rendered":"Post de politie"},"content":{"rendered":"<div class=\"span8\">Aceast\u0103 institu\u0163ie are misiunea de a p\u0103stra ordinea \u015fi siguran\u0163a public\u0103 precum \u015fi securitatea cet\u0103\u0163enilor comunei. De asemenea, poli\u0163ia local\u0103 are atribu\u0163ii pentru interven\u0163ie \u00een caz de situa\u0163ii deosebite (calamit\u0103\u0163i ).<\/div>\n<div class=\"span8\"><\/div>\n<div class=\"span8\">\u0218ef post poli\u021bie:\u00a0 Voaide\u0219 Emilian<\/div>\n<div class=\"span8\">Agent: Tanasa Alexandru<\/div>\n","protected":false},"excerpt":{"rendered":"<p>Aceast\u0103 institu\u0163ie are misiunea de a p\u0103stra ordinea \u015fi siguran\u0163a public\u0103 precum \u015fi securitatea cet\u0103\u0163enilor comunei. De asemenea, poli\u0163ia local\u0103 are atribu\u0163ii pentru interven\u0163ie \u00een caz de situa\u0163ii deosebite (calamit\u0103\u0163i ). \u0218ef post poli\u021bie:\u00a0 Voaide\u0219 Emilian Agent: Tanasa Alexandru<\/p>\n","protected":false},"author":1,"featured_media":0,"parent":162,"menu_order":4,"comment_status":"closed","ping_status":"closed","template":"","meta":{"footnotes":""},"class_list":["post-175","page","type-page","status-publish","hentry","grid-sizer"],"_links":{"self":[{"href":"http:\/\/comunadochia.ro\/index.php?rest_route=\/wp\/v2\/pages\/175","targetHints":{"allow":["GET"]}}],"collection":[{"href":"http:\/\/comunadochia.ro\/index.php?rest_route=\/wp\/v2\/pages"}],"about":[{"href":"http:\/\/comunadochia.ro\/index.php?rest_route=\/wp\/v2\/types\/page"}],"author":[{"embeddable":true,"href":"http:\/\/comunadochia.ro\/index.php?rest_route=\/wp\/v2\/users\/1"}],"replies":[{"embeddable":true,"href":"http:\/\/comunadochia.ro\/index.php?rest_route=%2Fwp%2Fv2%2Fcomments&post=175"}],"version-history":[{"count":1,"href":"http:\/\/comunadochia.ro\/index.php?rest_route=\/wp\/v2\/pages\/175\/revisions"}],"predecessor-version":[{"id":176,"href":"http:\/\/comunadochia.ro\/index.php?rest_route=\/wp\/v2\/pages\/175\/revisions\/176"}],"up":[{"embeddable":true,"href":"http:\/\/comunadochia.ro\/index.php?rest_route=\/wp\/v2\/pages\/162"}],"wp:attachment":[{"href":"http:\/\/comunadochia.ro\/index.php?rest_route=%2Fwp%2Fv2%2Fmedia&parent=175"}],"curies":[{"name":"wp","href":"https:\/\/api.w.org\/{rel}","templated":true}]}}