{"id":173,"date":"2021-05-12T07:58:14","date_gmt":"2021-05-12T07:58:14","guid":{"rendered":"http:\/\/comunadochia.ro\/?page_id=173"},"modified":"2021-05-12T07:58:14","modified_gmt":"2021-05-12T07:58:14","slug":"dispensar","status":"publish","type":"page","link":"http:\/\/comunadochia.ro\/?page_id=173","title":{"rendered":"Dispensar"},"content":{"rendered":"<p>\u00cen comun\u0103 func\u0163ioneaz\u0103 un cabinet de medicin\u0103 general\u0103 de familie cu 1 medic \u015fi 1 asistent. \u00cen comun\u0103 func\u0163ioneaz\u0103 \u015fi un punct farmaceutic. Aceste institu\u0163ii joac\u0103 un rol important \u00een men\u0163inerea st\u0103rii de s\u0103n\u0103tate a locuitorilor comunei.<\/p>\n<h4>Dispensar veterinar<\/h4>\n<p>Func\u0163ioneaz\u0103 un cabinet cu 2 medici si o farmacie veterinar\u0103.<\/p>\n","protected":false},"excerpt":{"rendered":"<p>\u00cen comun\u0103 func\u0163ioneaz\u0103 un cabinet de medicin\u0103 general\u0103 de familie cu 1 medic \u015fi 1 asistent. \u00cen comun\u0103 func\u0163ioneaz\u0103 \u015fi un punct farmaceutic. Aceste institu\u0163ii joac\u0103 un rol important \u00een men\u0163inerea st\u0103rii de s\u0103n\u0103tate a locuitorilor comunei. Dispensar veterinar Func\u0163ioneaz\u0103 un cabinet cu 2 medici si o farmacie veterinar\u0103.<\/p>\n","protected":false},"author":1,"featured_media":0,"parent":162,"menu_order":3,"comment_status":"closed","ping_status":"closed","template":"","meta":{"footnotes":""},"class_list":["post-173","page","type-page","status-publish","hentry","grid-sizer"],"_links":{"self":[{"href":"http:\/\/comunadochia.ro\/index.php?rest_route=\/wp\/v2\/pages\/173","targetHints":{"allow":["GET"]}}],"collection":[{"href":"http:\/\/comunadochia.ro\/index.php?rest_route=\/wp\/v2\/pages"}],"about":[{"href":"http:\/\/comunadochia.ro\/index.php?rest_route=\/wp\/v2\/types\/page"}],"author":[{"embeddable":true,"href":"http:\/\/comunadochia.ro\/index.php?rest_route=\/wp\/v2\/users\/1"}],"replies":[{"embeddable":true,"href":"http:\/\/comunadochia.ro\/index.php?rest_route=%2Fwp%2Fv2%2Fcomments&post=173"}],"version-history":[{"count":1,"href":"http:\/\/comunadochia.ro\/index.php?rest_route=\/wp\/v2\/pages\/173\/revisions"}],"predecessor-version":[{"id":174,"href":"http:\/\/comunadochia.ro\/index.php?rest_route=\/wp\/v2\/pages\/173\/revisions\/174"}],"up":[{"embeddable":true,"href":"http:\/\/comunadochia.ro\/index.php?rest_route=\/wp\/v2\/pages\/162"}],"wp:attachment":[{"href":"http:\/\/comunadochia.ro\/index.php?rest_route=%2Fwp%2Fv2%2Fmedia&parent=173"}],"curies":[{"name":"wp","href":"https:\/\/api.w.org\/{rel}","templated":true}]}}