{"id":17,"date":"2021-05-05T08:38:10","date_gmt":"2021-05-05T08:38:10","guid":{"rendered":"http:\/\/comunadochia.ro\/?page_id=17"},"modified":"2021-05-05T08:38:10","modified_gmt":"2021-05-05T08:38:10","slug":"cadrul-natural","status":"publish","type":"page","link":"http:\/\/comunadochia.ro\/?page_id=17","title":{"rendered":"Cadrul natural"},"content":{"rendered":"<p><em><strong>Relieful:\u00a0<\/strong><\/em>Comuna Dochia se afl\u0103 \u00een\u00a0 Subcarpa\u0163ii\u00a0 Moldovei, subdiviziunea Depresiunii Crac\u0103u \u2013 Bistri\u0163a pe o lungime de circa 50 Km \u015fi o l\u0103\u0163ime de 20 Km. Structura deluroas\u0103 este pu\u0163in accidentat\u0103 cu rare \u00een\u0103l\u0163imi semnificative (Movila Icasului 897 m). Trecerea de la lunc\u0103 la deal se face prin terase cu un aspect plan sau pu\u0163in \u00eenclinat prin albia Crac\u0103ului. Trecerea de la lunc\u0103 la terase si de la o teras\u0103 la alta se face prin versan\u0163i cu l\u0103t\u0163me mic\u0103 cu pant\u0103 variind \u00eentre 10-40% unde s-a dezvoltat o eroziune de suprafa\u0163\u0103 \u015fi de ad\u00e2ncime . \u00cen cadrul teraselor s-au dezvoltat soluri de tip cernoziom \u015fi brun ro\u015fcat de p\u0103dure.<\/p>\n<p><strong><em>Solul:\u00a0<\/em><\/strong>prezint\u0103 o etajare \u00een doua trepte:<\/p>\n<ul type=\"circle\">\n<li>o\u00a0treapt\u0103 de deal cu soluri roditoare \u00een alternan\u0163\u0103 cu soluri argiloase care predispun la alunec\u0103ri de teren (Coasta Crac\u0103u, Onoaia ). Poten\u0163ial agricol deosebit pentru mai multe tipuri de culturi: fitotehnie, pomicultur\u0103, legumicultur\u0103;<\/li>\n<li>o treapt\u0103 de lunca cu c\u0103dere abrupt\u0103 spre r\u00e2ul Crac\u0103u \u00een care se v\u0103d\u00a0 urme de exploat\u0103ri nesistematice ale argilei pentru constructii. Solurile de lunc\u0103 sunt pu\u0163in roditoare cu mla\u015ftini ( Perdele, Crupa Mic\u0103, S\u00e2rghi, Coasta Bojoaga, Turbata ) sau predispuse la mla\u015ftin\u0103 ( Bahna Mazarini, Bahna Vatra Iaz ).<\/li>\n<\/ul>\n<p><strong><em>Apele\u00a0<\/em><\/strong>formeaz\u0103 o re\u0163ea moderat\u0103 cu r\u00e2ul marginal, Crac\u0103u, \u00een partea de vest \u015fi c\u00e2teva p\u00eeraie \u00een jum\u0103tatea estic\u0103, Jidesti, Bahna. Paraiele au un curs lent, stagnant ceea ce determina men\u0163inerea mla\u015ftinilor.<\/p>\n<p><strong><em>Flora si fauna\u00a0<\/em><\/strong>comunei prezint\u0103 o varietate \u015fi o diversitate deosebit\u0103 caracteristic\u0103 zonei deluroase f\u0103r\u0103 a prezenta elemente de specificitate. Din punct de vedere silvic ne afl\u0103m \u00een zona stejarului pentru partea colinar\u0103, iar in zona de lunc\u0103 sunt condi\u0163ii prielnice pentru arbori de esen\u0163\u0103 moale.<\/p>\n","protected":false},"excerpt":{"rendered":"<p>Relieful:\u00a0Comuna Dochia se afl\u0103 \u00een\u00a0 Subcarpa\u0163ii\u00a0 Moldovei, subdiviziunea Depresiunii Crac\u0103u \u2013 Bistri\u0163a pe o lungime de circa 50 Km \u015fi o l\u0103\u0163ime de 20 Km. Structura deluroas\u0103 este pu\u0163in accidentat\u0103 cu rare \u00een\u0103l\u0163imi semnificative (Movila Icasului 897 m). Trecerea de la lunc\u0103 la deal se face prin terase cu un aspect plan sau pu\u0163in \u00eenclinat &hellip; <\/p>\n","protected":false},"author":1,"featured_media":0,"parent":8,"menu_order":2,"comment_status":"closed","ping_status":"closed","template":"","meta":{"footnotes":""},"class_list":["post-17","page","type-page","status-publish","hentry","grid-sizer"],"_links":{"self":[{"href":"http:\/\/comunadochia.ro\/index.php?rest_route=\/wp\/v2\/pages\/17","targetHints":{"allow":["GET"]}}],"collection":[{"href":"http:\/\/comunadochia.ro\/index.php?rest_route=\/wp\/v2\/pages"}],"about":[{"href":"http:\/\/comunadochia.ro\/index.php?rest_route=\/wp\/v2\/types\/page"}],"author":[{"embeddable":true,"href":"http:\/\/comunadochia.ro\/index.php?rest_route=\/wp\/v2\/users\/1"}],"replies":[{"embeddable":true,"href":"http:\/\/comunadochia.ro\/index.php?rest_route=%2Fwp%2Fv2%2Fcomments&post=17"}],"version-history":[{"count":1,"href":"http:\/\/comunadochia.ro\/index.php?rest_route=\/wp\/v2\/pages\/17\/revisions"}],"predecessor-version":[{"id":18,"href":"http:\/\/comunadochia.ro\/index.php?rest_route=\/wp\/v2\/pages\/17\/revisions\/18"}],"up":[{"embeddable":true,"href":"http:\/\/comunadochia.ro\/index.php?rest_route=\/wp\/v2\/pages\/8"}],"wp:attachment":[{"href":"http:\/\/comunadochia.ro\/index.php?rest_route=%2Fwp%2Fv2%2Fmedia&parent=17"}],"curies":[{"name":"wp","href":"https:\/\/api.w.org\/{rel}","templated":true}]}}