{"id":168,"date":"2021-05-12T07:40:03","date_gmt":"2021-05-12T07:40:03","guid":{"rendered":"http:\/\/comunadochia.ro\/?page_id=168"},"modified":"2021-05-12T07:40:03","modified_gmt":"2021-05-12T07:40:03","slug":"culte","status":"publish","type":"page","link":"http:\/\/comunadochia.ro\/?page_id=168","title":{"rendered":"Culte"},"content":{"rendered":"<p>Pe teritoriul comunei exist\u0103 multe vestigii istorice, semn ca aceste locuri au fost locuite din vremuri str\u0103vechi. Totusi, istoria \u015fi tradi\u0163iile sunt fracturate prin construirea unei a\u015fez\u0103ri mai recente din populatii aduse din diverse localit\u0103\u0163i aflate pe o arie geografic\u0103 relativ \u00eentins\u0103. Comuna Dochia dispune de bibliotec\u0103 si C\u0103min Cultural care-\u015fi propun men\u0163inerea spiritului de cultur\u0103 \u00een r\u00e2ndul cet\u0103\u0163enilor, mai ales pentru t\u00e2n\u0103ra genera\u0163ie. Pe teritoriul comunei exist\u0103 3 biserici construite \u00een secolul 19, considerate monumente de arhitectur\u0103. \u00cen centrul comunei a fost ridicat un monument al eroilor, semn de cinstire a memoriei \u00eenainta\u015filor c\u0103zu\u0163i \u00een lupt\u0103. A intrat \u00een tradi\u0163ie Ziua comunei \u2013 \u00eent\u00e2lnire cu fii ai satului \u00een fiecare an la 26-27 iulie cu serbare campeneasc\u0103 la care particip\u0103 forma\u0163ii artistice locale \u015fi din jude\u0163.<\/p>\n<p>&nbsp;<\/p>\n<p><img loading=\"lazy\" decoding=\"async\" class=\"alignnone wp-image-169 size-full\" src=\"http:\/\/comunadochia.ro\/wp-content\/uploads\/2021\/05\/biserica-1.jpg\" alt=\"\" width=\"1000\" height=\"370\" srcset=\"http:\/\/comunadochia.ro\/wp-content\/uploads\/2021\/05\/biserica-1.jpg 1000w, http:\/\/comunadochia.ro\/wp-content\/uploads\/2021\/05\/biserica-1-300x111.jpg 300w, http:\/\/comunadochia.ro\/wp-content\/uploads\/2021\/05\/biserica-1-768x284.jpg 768w\" sizes=\"auto, (max-width: 1000px) 100vw, 1000px\" \/><\/p>\n","protected":false},"excerpt":{"rendered":"<p>Pe teritoriul comunei exist\u0103 multe vestigii istorice, semn ca aceste locuri au fost locuite din vremuri str\u0103vechi. Totusi, istoria \u015fi tradi\u0163iile sunt fracturate prin construirea unei a\u015fez\u0103ri mai recente din populatii aduse din diverse localit\u0103\u0163i aflate pe o arie geografic\u0103 relativ \u00eentins\u0103. Comuna Dochia dispune de bibliotec\u0103 si C\u0103min Cultural care-\u015fi propun men\u0163inerea spiritului de &hellip; <\/p>\n","protected":false},"author":1,"featured_media":0,"parent":162,"menu_order":2,"comment_status":"closed","ping_status":"closed","template":"","meta":{"footnotes":""},"class_list":["post-168","page","type-page","status-publish","hentry","grid-sizer"],"_links":{"self":[{"href":"http:\/\/comunadochia.ro\/index.php?rest_route=\/wp\/v2\/pages\/168","targetHints":{"allow":["GET"]}}],"collection":[{"href":"http:\/\/comunadochia.ro\/index.php?rest_route=\/wp\/v2\/pages"}],"about":[{"href":"http:\/\/comunadochia.ro\/index.php?rest_route=\/wp\/v2\/types\/page"}],"author":[{"embeddable":true,"href":"http:\/\/comunadochia.ro\/index.php?rest_route=\/wp\/v2\/users\/1"}],"replies":[{"embeddable":true,"href":"http:\/\/comunadochia.ro\/index.php?rest_route=%2Fwp%2Fv2%2Fcomments&post=168"}],"version-history":[{"count":1,"href":"http:\/\/comunadochia.ro\/index.php?rest_route=\/wp\/v2\/pages\/168\/revisions"}],"predecessor-version":[{"id":172,"href":"http:\/\/comunadochia.ro\/index.php?rest_route=\/wp\/v2\/pages\/168\/revisions\/172"}],"up":[{"embeddable":true,"href":"http:\/\/comunadochia.ro\/index.php?rest_route=\/wp\/v2\/pages\/162"}],"wp:attachment":[{"href":"http:\/\/comunadochia.ro\/index.php?rest_route=%2Fwp%2Fv2%2Fmedia&parent=168"}],"curies":[{"name":"wp","href":"https:\/\/api.w.org\/{rel}","templated":true}]}}