{"id":126,"date":"2021-05-11T11:50:22","date_gmt":"2021-05-11T11:50:22","guid":{"rendered":"http:\/\/comunadochia.ro\/?page_id=126"},"modified":"2025-07-16T12:26:22","modified_gmt":"2025-07-16T10:26:22","slug":"investitii-achizitii-publice","status":"publish","type":"page","link":"http:\/\/comunadochia.ro\/?page_id=126","title":{"rendered":"Investi\u021bii &#8211; Achizi\u021bii publice"},"content":{"rendered":"<p>Documente pentru obiectivul de investitii &#8222;Modernizare sistem iluminat public&#8221;<\/p>\n<p><a href=\"http:\/\/comunadochia.ro\/wp-content\/uploads\/2025\/07\/DOC892.pdf\">DOC892<\/a><\/p>\n<p><a href=\"http:\/\/comunadochia.ro\/wp-content\/uploads\/2025\/07\/amenajare-alee.pdf\">amenajare alee<\/a><\/p>\n<p><a href=\"http:\/\/comunadochia.ro\/wp-content\/uploads\/2025\/07\/refacere-acostamente.pdf\">refacere acostamente<\/a><\/p>\n<p><a href=\"http:\/\/comunadochia.ro\/wp-content\/uploads\/2025\/07\/DOC889.pdf\">DOC889<\/a><\/p>\n<p><a href=\"http:\/\/comunadochia.ro\/wp-content\/uploads\/2025\/07\/DOC880-1.pdf\">DOC880 (1)<\/a><\/p>\n<p><a href=\"http:\/\/comunadochia.ro\/wp-content\/uploads\/2025\/07\/DOC881.pdf\">DOC881<\/a><\/p>\n<p><a href=\"http:\/\/comunadochia.ro\/wp-content\/uploads\/2025\/07\/DOC885-1.pdf\">DOC885 (1)<\/a><\/p>\n<p><a href=\"http:\/\/comunadochia.ro\/wp-content\/uploads\/2025\/07\/DOC885.pdf\">DOC885<\/a><\/p>\n<p><a href=\"http:\/\/comunadochia.ro\/wp-content\/uploads\/2025\/07\/DOC882.pdf\">DOC882<\/a><\/p>\n<p><a href=\"http:\/\/comunadochia.ro\/wp-content\/uploads\/2025\/07\/DOC886.pdf\">DOC886<\/a><\/p>\n<p><a href=\"http:\/\/comunadochia.ro\/wp-content\/uploads\/2025\/07\/DOC887-1.pdf\">DOC887<\/a><\/p>\n<p><a href=\"http:\/\/comunadochia.ro\/wp-content\/uploads\/2025\/07\/DOC883.pdf\">DOC883<\/a><\/p>\n<p><a href=\"http:\/\/comunadochia.ro\/wp-content\/uploads\/2025\/07\/DOC887.pdf\">DOC887<\/a><\/p>\n<p><a href=\"http:\/\/comunadochia.ro\/wp-content\/uploads\/2025\/07\/DOC888.pdf\">DOC888<\/a><\/p>\n<p><a href=\"http:\/\/comunadochia.ro\/wp-content\/uploads\/2025\/07\/DOC884.pdf\">DOC884<\/a><\/p>\n<p><a href=\"http:\/\/comunadochia.ro\/wp-content\/uploads\/2025\/07\/DOC880.pdf\">DOC880<\/a><\/p>\n<p>&#8211;\u00a0<a href=\"http:\/\/comunadochia.ro\/images\/2019\/investitii_achizitii\/invitatie_participare.pdf\">Invitatie de participare proiectare si executie<\/a><\/p>\n<p>&#8211;\u00a0<a href=\"http:\/\/comunadochia.ro\/images\/2019\/investitii_achizitii\/caiet_sarcini_.pdf\">Caiet de sarcini<\/a><\/p>\n<div dir=\"ltr\">&#8211;\u00a0<a href=\"http:\/\/comunadochia.ro\/images\/2019\/investitii_achizitii\/01_01_Lucrari_de_modernizare_F3_lista_cantitati.pdf\">Cantitati de lucr\u0103ri<\/a><\/div>\n<div dir=\"ltr\">&#8211;\u00a0<a href=\"http:\/\/comunadochia.ro\/images\/2019\/investitii_achizitii\/Anexa_1_-_Fise_tehnice.pdf\">Anexa 1 &#8211; Fi\u0219e tehnice<\/a><\/div>\n<div dir=\"ltr\">&#8211;\u00a0<a href=\"http:\/\/comunadochia.ro\/images\/2019\/investitii_achizitii\/Anexa_4_-_Liste_de_cantitati_fara_valori.pdf\">Anexa 4 &#8211; Liste de cantit\u0103\u021bi<\/a><\/div>\n<div dir=\"ltr\">&#8211;\u00a0<a href=\"http:\/\/comunadochia.ro\/images\/2019\/investitii_achizitii\/Anexa_6_-_Calcule_Luminotehnice.pdf\">Anexa 6 &#8211; Calcule luminotehnice<\/a><\/div>\n<div dir=\"ltr\">&#8211; E2 &#8211;\u00a0<a href=\"http:\/\/comunadochia.ro\/images\/2019\/investitii_achizitii\/E2_Detaliu_Consola.pdf\">Detaliu consol\u0103<\/a><\/div>\n<div dir=\"ltr\">&#8211; E3 &#8211;\u00a0<a href=\"http:\/\/comunadochia.ro\/images\/2019\/investitii_achizitii\/E3_Detaliu_conexiuni.pdf\">Detaliu conexiuni<\/a><\/div>\n<div dir=\"ltr\">&#8211;\u00a0<a href=\"http:\/\/comunadochia.ro\/images\/2019\/investitii_achizitii\/Plansa_1.pdf\">Plan\u0219a 1<\/a><\/div>\n<div dir=\"ltr\">&#8211;\u00a0<a href=\"http:\/\/comunadochia.ro\/images\/2019\/investitii_achizitii\/Plansa_2.pdf\">Plan\u0219a 2<\/a><\/div>\n<div dir=\"ltr\">&#8211;\u00a0<a href=\"http:\/\/comunadochia.ro\/images\/2019\/investitii_achizitii\/Plansa_3.pdf\">Plan\u0219a 3<\/a><\/div>\n<div dir=\"ltr\">&#8211;\u00a0<a href=\"http:\/\/comunadochia.ro\/images\/2019\/investitii_achizitii\/SF_Dochia_-pdf.pdf\">Modernizarea sistemului de iluminat public<\/a><\/div>\n<div dir=\"ltr\"><\/div>\n<p><a href=\"http:\/\/comunadochia.ro\/images\/2019\/proiecte_de_buget\/paap1.pdf\">PLANUL ANUAL AL ACHIZI\u021aIILOR PUBLICE &#8211; 2019<\/a><\/p>\n<p><a href=\"http:\/\/comunadochia.ro\/images\/2019\/proiecte_de_buget\/paap1.pdf\">ANEXA PRIVIND ACHIZI\u021aIILE DIRECTE &#8211; 2019<\/a><\/p>\n<p><a href=\"http:\/\/comunadochia.ro\/images\/2018\/achizitii\/LISTA_OBIECTIVE_DE_INVESTITII_RECTIF._19.10.2018.pdf\">OBIECTIVELOR DE INVESTITII PE ANUL 2018 CU FINANTARE PARTIALA SAU INTEGRALA DE LA BUGETUL LOCAL<\/a>\u00a0&#8211; 25.10.2018<\/p>\n<p><a href=\"http:\/\/comunadochia.ro\/images\/2018\/achizitii\/PROGRAM_DE_ACHIZITII_PUBLICE_22.10.2018.pdf\">ANEXA PRIVIND ACHIZITIILE DIRECTE-COMUNA DOCHIA, 2018<\/a>\u00a0&#8211; actualizat 22.10.2018<\/p>\n<p><a href=\"http:\/\/comunadochia.ro\/images\/2018\/achizitii\/LISTA_OBIECTIVE_DE_INVESTITII_RECTIF._21.09.2018.pdf\">OBIECTIVELOR DE INVESTITII PE ANUL 2018 CU FINANTARE PARTIALA SAU INTEGRALA DE LA BUGETUL LOCAL &#8211;\u00a0<\/a>21.09.2018<\/p>\n<p>&nbsp;<\/p>\n<p><a href=\"http:\/\/comunadochia.ro\/images\/2018\/achizitii\/PROGRAM_ACHIZITII_PUBLICE_21.09.2018.pdf\">ANEXA PRIVIND ACHIZITIILE DIRECTE.COMUNA DOCHIA &#8211;\u00a0<\/a>actualizat 17.09.2019<\/p>\n<p><a href=\"http:\/\/comunadochia.ro\/images\/2018\/achizitii\/PROGRAM_ACHIZITII_ACTUALIZAT_24.07.2018.pdf\">ANEXA PRIVIND ACHIZITIILE DIRECTE-COMUNA DOCHIA, 201<\/a>8 &#8211; actualizat 24.07.2018<\/p>\n<p><a href=\"http:\/\/comunadochia.ro\/images\/2018\/investitii\/LISTA_INVESTITII_2018_20.07.2018.pdf\">List\u0103 investi\u021bii 20.07.2018<\/a><\/p>\n<p><a href=\"http:\/\/comunadochia.ro\/images\/2018\/LISTA_INVESTII_RECTIF.06.07.2018.pdf\">List\u0103 investi\u021bii rectf. 6.07.2018<\/a><\/p>\n<p><a href=\"http:\/\/comunadochia.ro\/images\/2018\/LISTA_INVESTII_RECTIF.02.05.2018.pdf\">List\u0103 investi\u021bii rectif. 2.05.201<\/a>8<\/p>\n<p><a href=\"http:\/\/comunadochia.ro\/images\/2018\/investitii\/PAAP_1.pdf\">Planul anual al achizi\u021biilor publice 2018<\/a><\/p>\n<p><a href=\"http:\/\/comunadochia.ro\/images\/2018\/investitii\/PAAP.pdf\">Anex\u0103 privind achizi\u021biile directe 2018<\/a><\/p>\n<p><a href=\"http:\/\/comunadochia.ro\/images\/2018\/investitii\/LISTA_INVESTITII_2018.pdf\">List\u0103 investi\u021bii 9.02.2018<\/a><\/p>\n<p class=\"text-center\"><a href=\"http:\/\/comunadochia.ro\/images\/2018\/lista_obiectivelor_de_investitii.pdf\">Obiective de investi\u021bii cu finan\u021bare par\u021bial\u0103 sau total\u0103 de la bugetul local<\/a><\/p>\n<p><a href=\"http:\/\/comunadochia.ro\/images\/2017\/strategie.pdf\">Strategia anual\u0103 de achizi\u0163ie public\u0103<\/a><\/p>\n<p class=\"text-center\"><a href=\"http:\/\/comunadochia.ro\/images\/2018\/planul_anual_al_achizitiilor.pdf\">Planul anual al achizi\u021biilor publice &#8211; Comuna Dochia 2018<\/a><\/p>\n","protected":false},"excerpt":{"rendered":"<p>Documente pentru obiectivul de investitii &#8222;Modernizare sistem iluminat public&#8221; DOC892 amenajare alee refacere acostamente DOC889 DOC880 (1) DOC881 DOC885 (1) DOC885 DOC882 DOC886 DOC887 DOC883 DOC887 DOC888 DOC884 DOC880 &#8211;\u00a0Invitatie de participare proiectare si executie &#8211;\u00a0Caiet de sarcini &#8211;\u00a0Cantitati de lucr\u0103ri &#8211;\u00a0Anexa 1 &#8211; Fi\u0219e tehnice &#8211;\u00a0Anexa 4 &#8211; Liste de cantit\u0103\u021bi &#8211;\u00a0Anexa 6 &#8211; &hellip; <\/p>\n","protected":false},"author":1,"featured_media":0,"parent":113,"menu_order":5,"comment_status":"closed","ping_status":"closed","template":"","meta":{"footnotes":""},"class_list":["post-126","page","type-page","status-publish","hentry","grid-sizer"],"_links":{"self":[{"href":"http:\/\/comunadochia.ro\/index.php?rest_route=\/wp\/v2\/pages\/126","targetHints":{"allow":["GET"]}}],"collection":[{"href":"http:\/\/comunadochia.ro\/index.php?rest_route=\/wp\/v2\/pages"}],"about":[{"href":"http:\/\/comunadochia.ro\/index.php?rest_route=\/wp\/v2\/types\/page"}],"author":[{"embeddable":true,"href":"http:\/\/comunadochia.ro\/index.php?rest_route=\/wp\/v2\/users\/1"}],"replies":[{"embeddable":true,"href":"http:\/\/comunadochia.ro\/index.php?rest_route=%2Fwp%2Fv2%2Fcomments&post=126"}],"version-history":[{"count":3,"href":"http:\/\/comunadochia.ro\/index.php?rest_route=\/wp\/v2\/pages\/126\/revisions"}],"predecessor-version":[{"id":546,"href":"http:\/\/comunadochia.ro\/index.php?rest_route=\/wp\/v2\/pages\/126\/revisions\/546"}],"up":[{"embeddable":true,"href":"http:\/\/comunadochia.ro\/index.php?rest_route=\/wp\/v2\/pages\/113"}],"wp:attachment":[{"href":"http:\/\/comunadochia.ro\/index.php?rest_route=%2Fwp%2Fv2%2Fmedia&parent=126"}],"curies":[{"name":"wp","href":"https:\/\/api.w.org\/{rel}","templated":true}]}}