{"id":101,"date":"2021-05-05T11:53:25","date_gmt":"2021-05-05T11:53:25","guid":{"rendered":"http:\/\/comunadochia.ro\/?page_id=101"},"modified":"2022-03-08T13:15:04","modified_gmt":"2022-03-08T11:15:04","slug":"vanzarii-terenuri","status":"publish","type":"page","link":"http:\/\/comunadochia.ro\/?page_id=101","title":{"rendered":"Vanzarii \/ \u00eenchirieri terenuri"},"content":{"rendered":"<blockquote><p>2022<\/p>\n<p><a href=\"http:\/\/comunadochia.ro\/wp-content\/uploads\/2022\/03\/DOC022-1.pdf\">Anunt privind licita\u021bie public\u0103 \u00eenchirie p\u0103\u0219une <\/a><\/p>\n<p>&nbsp;<\/p>\n<p>2019<\/p><\/blockquote>\n<p><a href=\"http:\/\/comunadochia.ro\/images\/2019\/vanzari_terenuri\/54_26.11.2019.pdf\">Documente v\u00e2nzare teren<\/a><\/p>\n<p><a href=\"http:\/\/comunadochia.ro\/images\/2019\/vanzari_terenuri\/26.11.2019_.pdf\">Documente v\u00e2nzare teren<\/a><\/p>\n<p><a href=\"http:\/\/comunadochia.ro\/images\/2019\/vanzari_terenuri\/55_.pdf\">Documente v\u00e2nzare teren<\/a><\/p>\n<p><a href=\"http:\/\/comunadochia.ro\/images\/2019\/vanzari_terenuri\/56_26.pdf\">Documente v\u00e2nzare teren<\/a><\/p>\n<p><a href=\"http:\/\/comunadochia.ro\/images\/2019\/vanzari_terenuri\/57__26.11.pdf\">Documente v\u00e2nzare teren<\/a><\/p>\n<p><a href=\"http:\/\/comunadochia.ro\/images\/2019\/vanzari_terenuri\/58_26.11.pdf\">Documente\u00a0 v\u00e2nzare teren<\/a><\/p>\n<p><a href=\"http:\/\/comunadochia.ro\/images\/2019\/vanzari_terenuri\/59_26.11.pdf\">Documente v\u00e2nzare teren<\/a><\/p>\n<p><a href=\"http:\/\/comunadochia.ro\/images\/2019\/vanzari_terenuri\/60_26.11.pdf\">Documente v\u00e2nzare teren<\/a><\/p>\n<p><a href=\"http:\/\/comunadochia.ro\/images\/2019\/vanzari_terenuri\/62_26.11.pdf\">Documente v\u00e2nzare teren<\/a><\/p>\n<p><a href=\"http:\/\/comunadochia.ro\/images\/2019\/vanzari_terenuri\/63_26.11.pdf\">Documente v\u00e2nzare teren<\/a><\/p>\n<p><a href=\"http:\/\/comunadochia.ro\/images\/2019\/vanzari_terenuri\/60_26.11.pdf\">Documente v\u00e2nzare teren<\/a><\/p>\n<p><a href=\"http:\/\/comunadochia.ro\/images\/2019\/vanzari_terenuri\/64_26.11.2019.pdf\">Documente v\u00e2nzare teren<\/a><\/p>\n<p><a href=\"http:\/\/comunadochia.ro\/images\/2019\/vanzari_terenuri\/65_26.11.pdf\">Documente v\u00e2nzare teren<\/a><\/p>\n<p>&nbsp;<\/p>\n<h4>2018<\/h4>\n<p style=\"text-align: left;\"><a href=\"http:\/\/comunadochia.ro\/images\/2018\/vanzari_terenuri\/Oferta_vanzare_teren_20.08.2018-.pdf\">Ofert\u0103 de v\u00e2nzare<\/a><br \/>\n<a href=\"http:\/\/comunadochia.ro\/images\/2018\/vanzari_terenuri\/Oferta_teren_21.08.2018.pdf\">Ofert\u0103 de v\u00e2nzare<\/a><\/p>\n","protected":false},"excerpt":{"rendered":"<p>2022 Anunt privind licita\u021bie public\u0103 \u00eenchirie p\u0103\u0219une &nbsp; 2019 Documente v\u00e2nzare teren Documente v\u00e2nzare teren Documente v\u00e2nzare teren Documente v\u00e2nzare teren Documente v\u00e2nzare teren Documente\u00a0 v\u00e2nzare teren Documente v\u00e2nzare teren Documente v\u00e2nzare teren Documente v\u00e2nzare teren Documente v\u00e2nzare teren Documente v\u00e2nzare teren Documente v\u00e2nzare teren Documente v\u00e2nzare teren &nbsp; 2018 Ofert\u0103 de v\u00e2nzare Ofert\u0103 de &hellip; <\/p>\n","protected":false},"author":1,"featured_media":0,"parent":111,"menu_order":3,"comment_status":"closed","ping_status":"closed","template":"","meta":{"footnotes":""},"class_list":["post-101","page","type-page","status-publish","hentry","grid-sizer"],"_links":{"self":[{"href":"http:\/\/comunadochia.ro\/index.php?rest_route=\/wp\/v2\/pages\/101","targetHints":{"allow":["GET"]}}],"collection":[{"href":"http:\/\/comunadochia.ro\/index.php?rest_route=\/wp\/v2\/pages"}],"about":[{"href":"http:\/\/comunadochia.ro\/index.php?rest_route=\/wp\/v2\/types\/page"}],"author":[{"embeddable":true,"href":"http:\/\/comunadochia.ro\/index.php?rest_route=\/wp\/v2\/users\/1"}],"replies":[{"embeddable":true,"href":"http:\/\/comunadochia.ro\/index.php?rest_route=%2Fwp%2Fv2%2Fcomments&post=101"}],"version-history":[{"count":9,"href":"http:\/\/comunadochia.ro\/index.php?rest_route=\/wp\/v2\/pages\/101\/revisions"}],"predecessor-version":[{"id":417,"href":"http:\/\/comunadochia.ro\/index.php?rest_route=\/wp\/v2\/pages\/101\/revisions\/417"}],"up":[{"embeddable":true,"href":"http:\/\/comunadochia.ro\/index.php?rest_route=\/wp\/v2\/pages\/111"}],"wp:attachment":[{"href":"http:\/\/comunadochia.ro\/index.php?rest_route=%2Fwp%2Fv2%2Fmedia&parent=101"}],"curies":[{"name":"wp","href":"https:\/\/api.w.org\/{rel}","templated":true}]}}